{"id":12761,"date":"2020-07-24T11:28:39","date_gmt":"2020-07-24T11:28:39","guid":{"rendered":"https:\/\/mobelland.md\/?post_type=product&#038;p=12761"},"modified":"2025-12-17T12:44:33","modified_gmt":"2025-12-17T12:44:33","slug":"frunza-fiore-l038662","status":"publish","type":"product","link":"https:\/\/mobelland.md\/ru\/product\/frunza-fiore-l038662\/","title":{"rendered":"Frunza Fiore (L038662)"},"content":{"rendered":"<p>Floarea din seria FIORE transmite o atitudine deosebit\u0103 fa\u021b\u0103 de via\u021b\u0103.\u00a0Fii creativ \u0219i proiecteaz\u0103-\u021bi casa \u00een conformitate cu dorin\u021bele tale!\u00a0Las\u0103 aceast\u0103 floare s\u0103 te duc\u0103 \u00eentr-o lume modern\u0103!<br \/>\nNimic nu v\u0103 ofer\u0103 at\u00e2ta pl\u0103cere, c\u00e2t un design frumos cu care v\u0103 pute\u021bi tr\u0103i creativitatea &#8211; cu LEONARDO.\u00a0Las\u0103-te inspirat de marea decorare!<\/p>","protected":false},"excerpt":{"rendered":"<p>Lungime: 64 cm<\/p>\n<p>Latime: 24 cm<\/p>","protected":false},"featured_media":12763,"template":"","meta":[],"product_cat":[240,54,337,220],"product_tag":[],"_links":{"self":[{"href":"https:\/\/mobelland.md\/ru\/wp-json\/wp\/v2\/product\/12761"}],"collection":[{"href":"https:\/\/mobelland.md\/ru\/wp-json\/wp\/v2\/product"}],"about":[{"href":"https:\/\/mobelland.md\/ru\/wp-json\/wp\/v2\/types\/product"}],"wp:featuredmedia":[{"embeddable":true,"href":"https:\/\/mobelland.md\/ru\/wp-json\/wp\/v2\/media\/12763"}],"wp:attachment":[{"href":"https:\/\/mobelland.md\/ru\/wp-json\/wp\/v2\/media?parent=12761"}],"wp:term":[{"taxonomy":"product_cat","embeddable":true,"href":"https:\/\/mobelland.md\/ru\/wp-json\/wp\/v2\/product_cat?post=12761"},{"taxonomy":"product_tag","embeddable":true,"href":"https:\/\/mobelland.md\/ru\/wp-json\/wp\/v2\/product_tag?post=12761"}],"curies":[{"name":"wp","href":"https:\/\/api.w.org\/{rel}","templated":true}]}}