{"id":12701,"date":"2020-07-24T09:01:07","date_gmt":"2020-07-24T09:01:07","guid":{"rendered":"https:\/\/mobelland.md\/?post_type=product&#038;p=12701"},"modified":"2025-12-12T09:58:26","modified_gmt":"2025-12-12T09:58:26","slug":"bol-pentru-punch-l026282","status":"publish","type":"product","link":"https:\/\/mobelland.md\/ru\/product\/bol-pentru-punch-l026282\/","title":{"rendered":"Bol pentru bauturi reci (L026282)"},"content":{"rendered":"<p>Acest bol cu \u200b\u200bcapac realizat manual din seria PUNCH asigur\u0103 momente minunate de pl\u0103cere &#8211; pentru ca b\u0103utura s\u0103 aib\u0103 un gust \u0219i mai bun! Bolul perforat bulbos este \u021binut \u00eentr-un stil clasic uimitor \u0219i, prin urmare, poate fi perfect combinat.\u00a0Afi\u0219eaz\u0103-\u021bi ochii pentru lucrurile frumoase cu acest castron manual LEONARDO.\u00a0Cu fiecare produs manual, ob\u021bine\u021bi \u0219i o pies\u0103 unic\u0103!<br \/>\nCu farmecul s\u0103u italian, LEONARDO asigur\u0103 momente de bun\u0103stare.\u00a0Las\u0103-te infectat de atitudinea u\u0219oar\u0103 \u0219i pozitiv\u0103 fa\u021b\u0103 de via\u021b\u0103.<\/p>","protected":false},"excerpt":{"rendered":"<p>Inaltime: 29 cm<\/p>\n<p>Diametru: 25,5 cm<\/p>\n<p>Capacitate: 6 l<\/p>","protected":false},"featured_media":12703,"template":"","meta":[],"product_cat":[220,239,53,99],"product_tag":[],"_links":{"self":[{"href":"https:\/\/mobelland.md\/ru\/wp-json\/wp\/v2\/product\/12701"}],"collection":[{"href":"https:\/\/mobelland.md\/ru\/wp-json\/wp\/v2\/product"}],"about":[{"href":"https:\/\/mobelland.md\/ru\/wp-json\/wp\/v2\/types\/product"}],"wp:featuredmedia":[{"embeddable":true,"href":"https:\/\/mobelland.md\/ru\/wp-json\/wp\/v2\/media\/12703"}],"wp:attachment":[{"href":"https:\/\/mobelland.md\/ru\/wp-json\/wp\/v2\/media?parent=12701"}],"wp:term":[{"taxonomy":"product_cat","embeddable":true,"href":"https:\/\/mobelland.md\/ru\/wp-json\/wp\/v2\/product_cat?post=12701"},{"taxonomy":"product_tag","embeddable":true,"href":"https:\/\/mobelland.md\/ru\/wp-json\/wp\/v2\/product_tag?post=12701"}],"curies":[{"name":"wp","href":"https:\/\/api.w.org\/{rel}","templated":true}]}}