{"id":12655,"date":"2020-07-23T13:07:49","date_gmt":"2020-07-23T13:07:49","guid":{"rendered":"https:\/\/mobelland.md\/?post_type=product&#038;p=12655"},"modified":"2025-12-12T10:04:14","modified_gmt":"2025-12-12T10:04:14","slug":"carafa-pentru-whisky-spiritii-l022761","status":"publish","type":"product","link":"https:\/\/mobelland.md\/ru\/product\/carafa-pentru-whisky-spiritii-l022761\/","title":{"rendered":"Leonardo Carafa pentru whisky SPIRITII 0,7 L (L022761)"},"content":{"rendered":"<p>Bucura\u021bi-v\u0103 de cele mai fine: ar\u0103ta\u021bi-v\u0103 stilul cu carafa gustoas\u0103 din seria SPIRITII.\u00a0Las\u0103 aceast\u0103 caraf\u0103 unghiular\u0103 s\u0103 te duc\u0103 \u00eentr-o lume modern\u0103!\u00a0Design excelent datorit\u0103 tehnologiei de relief!\u00a0Acest produs este clasic, fermec\u0103tor \u0219i special \u0219i devine repede un favorit.<\/p>","protected":false},"excerpt":{"rendered":"<p>Inaltime: 24 cm<\/p>\n<p>\u0414\u0438\u0430\u043c\u0435\u0442\u0440: 12 \u0441\u043c<\/p>\n<p>Greutate: 1,2 kg<\/p>\n<p>Capacitate: 700 ml<\/p>","protected":false},"featured_media":12658,"template":"","meta":[],"product_cat":[220,239,53,99],"product_tag":[],"_links":{"self":[{"href":"https:\/\/mobelland.md\/ru\/wp-json\/wp\/v2\/product\/12655"}],"collection":[{"href":"https:\/\/mobelland.md\/ru\/wp-json\/wp\/v2\/product"}],"about":[{"href":"https:\/\/mobelland.md\/ru\/wp-json\/wp\/v2\/types\/product"}],"wp:featuredmedia":[{"embeddable":true,"href":"https:\/\/mobelland.md\/ru\/wp-json\/wp\/v2\/media\/12658"}],"wp:attachment":[{"href":"https:\/\/mobelland.md\/ru\/wp-json\/wp\/v2\/media?parent=12655"}],"wp:term":[{"taxonomy":"product_cat","embeddable":true,"href":"https:\/\/mobelland.md\/ru\/wp-json\/wp\/v2\/product_cat?post=12655"},{"taxonomy":"product_tag","embeddable":true,"href":"https:\/\/mobelland.md\/ru\/wp-json\/wp\/v2\/product_tag?post=12655"}],"curies":[{"name":"wp","href":"https:\/\/api.w.org\/{rel}","templated":true}]}}