{"id":12620,"date":"2020-07-23T11:54:51","date_gmt":"2020-07-23T11:54:51","guid":{"rendered":"https:\/\/mobelland.md\/?post_type=product&#038;p=12620"},"modified":"2025-12-17T11:57:16","modified_gmt":"2025-12-17T11:57:16","slug":"vaza-poesia-viola-l018680","status":"publish","type":"product","link":"https:\/\/mobelland.md\/ru\/product\/vaza-poesia-viola-l018680\/","title":{"rendered":"Vaza Poesia viola (L018680)"},"content":{"rendered":"<p>Crea\u021bi o oaz\u0103 de bun\u0103stare din casa dvs.: cu vaz\u0103 manual\u0103 din seria Poesia devine posibil\u0103.\u00a0Prin forma sa elegant\u0103, aceast\u0103 vaz\u0103 arat\u0103 deosebit de nobil\u0103.\u00a0Se p\u0103streaz\u0103 \u00eentr-o culoare senzual\u0103 viola.<br \/>\nCu vaza f\u0103cut\u0103 manual de la LEONARDO pute\u021bi demonstra stilul \u0219i v\u0103 pute\u021bi \u00eenfrumuse\u021ba via\u021ba de zi cu zi, cu un sentiment special pentru frumos: nu numai momentele vii, dar v\u0103 bucura\u021bi de ele!\u00a0Cu produse handmade, unice, \u00ee\u021bi faci via\u021ba de zi cu zi \u0219i mai frumoas\u0103.<br \/>\nNimic nu v\u0103 ofer\u0103 at\u00e2ta pl\u0103cere, c\u00e2t un design frumos cu care v\u0103 pute\u021bi tr\u0103i creativitatea &#8211; cu LEONARDO.\u00a0Las\u0103-te inspirat de marea decorare!<\/p>","protected":false},"excerpt":{"rendered":"<p>Inaltime: 30 cm<\/p>\n<p>Diametru 12,5 cm<\/p>\n<p>Greutate: 810 g<\/p>","protected":false},"featured_media":12624,"template":"","meta":[],"product_cat":[240,54,220,98],"product_tag":[],"_links":{"self":[{"href":"https:\/\/mobelland.md\/ru\/wp-json\/wp\/v2\/product\/12620"}],"collection":[{"href":"https:\/\/mobelland.md\/ru\/wp-json\/wp\/v2\/product"}],"about":[{"href":"https:\/\/mobelland.md\/ru\/wp-json\/wp\/v2\/types\/product"}],"wp:featuredmedia":[{"embeddable":true,"href":"https:\/\/mobelland.md\/ru\/wp-json\/wp\/v2\/media\/12624"}],"wp:attachment":[{"href":"https:\/\/mobelland.md\/ru\/wp-json\/wp\/v2\/media?parent=12620"}],"wp:term":[{"taxonomy":"product_cat","embeddable":true,"href":"https:\/\/mobelland.md\/ru\/wp-json\/wp\/v2\/product_cat?post=12620"},{"taxonomy":"product_tag","embeddable":true,"href":"https:\/\/mobelland.md\/ru\/wp-json\/wp\/v2\/product_tag?post=12620"}],"curies":[{"name":"wp","href":"https:\/\/api.w.org\/{rel}","templated":true}]}}