{"id":12615,"date":"2020-07-23T10:06:56","date_gmt":"2020-07-23T10:06:56","guid":{"rendered":"https:\/\/mobelland.md\/?post_type=product&#038;p=12615"},"modified":"2025-12-17T11:56:51","modified_gmt":"2025-12-17T11:56:51","slug":"vaza-poesia-blue-l018678","status":"publish","type":"product","link":"https:\/\/mobelland.md\/ru\/product\/vaza-poesia-blue-l018678\/","title":{"rendered":"Vaza Poesia blue (L018678)"},"content":{"rendered":"<p>Vaza realizat\u0103 manual din seria Poesia transmite o ambian\u021b\u0103 minunat\u0103. Fii creativ \u0219i decoreaz\u0103-\u021bi casa a\u0219a cum dore\u0219ti! Descopera-ti flerul pentru eleganta cu aceasta vaza! Culoarea albastr\u0103 elegant\u0103 accentueaz\u0103 aspectul nobil.<\/p>","protected":false},"excerpt":{"rendered":"<p>Inaltime: 30 cm<\/p>\n<p>Diametru: 12,5 cm<\/p>\n<p>Greutate: 810 g<\/p>","protected":false},"featured_media":12613,"template":"","meta":[],"product_cat":[240,54,220,98],"product_tag":[],"_links":{"self":[{"href":"https:\/\/mobelland.md\/ru\/wp-json\/wp\/v2\/product\/12615"}],"collection":[{"href":"https:\/\/mobelland.md\/ru\/wp-json\/wp\/v2\/product"}],"about":[{"href":"https:\/\/mobelland.md\/ru\/wp-json\/wp\/v2\/types\/product"}],"wp:featuredmedia":[{"embeddable":true,"href":"https:\/\/mobelland.md\/ru\/wp-json\/wp\/v2\/media\/12613"}],"wp:attachment":[{"href":"https:\/\/mobelland.md\/ru\/wp-json\/wp\/v2\/media?parent=12615"}],"wp:term":[{"taxonomy":"product_cat","embeddable":true,"href":"https:\/\/mobelland.md\/ru\/wp-json\/wp\/v2\/product_cat?post=12615"},{"taxonomy":"product_tag","embeddable":true,"href":"https:\/\/mobelland.md\/ru\/wp-json\/wp\/v2\/product_tag?post=12615"}],"curies":[{"name":"wp","href":"https:\/\/api.w.org\/{rel}","templated":true}]}}