{"id":12610,"date":"2020-07-23T10:04:10","date_gmt":"2020-07-23T10:04:10","guid":{"rendered":"https:\/\/mobelland.md\/?post_type=product&#038;p=12610"},"modified":"2025-12-17T11:55:38","modified_gmt":"2025-12-17T11:55:38","slug":"vaza-poesia-viola-l018677","status":"publish","type":"product","link":"https:\/\/mobelland.md\/ru\/product\/vaza-poesia-viola-l018677\/","title":{"rendered":"Vaza Poesia viola (L018677)"},"content":{"rendered":"<p>Vaza realizat\u0103 manual din seria Poesia transmite o atitudine exclusiv\u0103 fa\u021b\u0103 de via\u021b\u0103.\u00a0Fii creativ \u0219i proiecteaz\u0103-\u021bi casa \u00een conformitate cu dorin\u021bele tale!\u00a0Descopera-ti flerul pentru eleganta cu aceasta vaza!\u00a0Culoarea senzual\u0103 a violei accentueaz\u0103 designul elegant. Cu piesa special\u0103 manual\u0103 unic\u0103 de la LEONARDO \u00ee\u021bi ar\u0103\u021bi senza\u021bia pentru lucrurile frumoase.\u00a0Fiecare vaz\u0103 manual\u0103 este unic\u0103!<\/p>","protected":false},"excerpt":{"rendered":"<p>Inaltime: 40 cm<\/p>\n<p>\u0414\u0438\u0430\u043c\u0435\u0442\u0440: 17 \u0441\u043c<\/p>\n<p>\u0412\u0435\u0441:1,9 \u043a\u0433<\/p>","protected":false},"featured_media":12612,"template":"","meta":[],"product_cat":[240,54,220,98],"product_tag":[],"_links":{"self":[{"href":"https:\/\/mobelland.md\/ru\/wp-json\/wp\/v2\/product\/12610"}],"collection":[{"href":"https:\/\/mobelland.md\/ru\/wp-json\/wp\/v2\/product"}],"about":[{"href":"https:\/\/mobelland.md\/ru\/wp-json\/wp\/v2\/types\/product"}],"wp:featuredmedia":[{"embeddable":true,"href":"https:\/\/mobelland.md\/ru\/wp-json\/wp\/v2\/media\/12612"}],"wp:attachment":[{"href":"https:\/\/mobelland.md\/ru\/wp-json\/wp\/v2\/media?parent=12610"}],"wp:term":[{"taxonomy":"product_cat","embeddable":true,"href":"https:\/\/mobelland.md\/ru\/wp-json\/wp\/v2\/product_cat?post=12610"},{"taxonomy":"product_tag","embeddable":true,"href":"https:\/\/mobelland.md\/ru\/wp-json\/wp\/v2\/product_tag?post=12610"}],"curies":[{"name":"wp","href":"https:\/\/api.w.org\/{rel}","templated":true}]}}