{"id":12605,"date":"2020-07-23T10:00:14","date_gmt":"2020-07-23T10:00:14","guid":{"rendered":"https:\/\/mobelland.md\/?post_type=product&#038;p=12605"},"modified":"2025-12-17T11:55:04","modified_gmt":"2025-12-17T11:55:04","slug":"vaza-poesia-grey-l018676","status":"publish","type":"product","link":"https:\/\/mobelland.md\/ru\/product\/vaza-poesia-grey-l018676\/","title":{"rendered":"Vaza Poesia grey (L018676)"},"content":{"rendered":"<p>Furnizeaz\u0103-\u021bi casa \u00een totalitate \u00een func\u021bie de dorin\u021bele tale: cu vaza f\u0103cut\u0103 manual din seria Poesia, nimic nu este mai u\u0219or dec\u00e2t at\u00e2t!\u00a0Prin forma sa elegant\u0103, aceast\u0103 vaz\u0103 arat\u0103 deosebit de nobil\u0103.\u00a0Se p\u0103streaz\u0103 \u00eentr-o culoare gri atractiv\u0103.<\/p>","protected":false},"excerpt":{"rendered":"<p>Inaltime: 40 cm<\/p>\n<p>\u0414\u0438\u0430\u043c\u0435\u0442\u0440: 17 \u0441\u043c<\/p>\n<p>\u0412\u0435\u0441:1,9 \u043a\u0433<\/p>","protected":false},"featured_media":12608,"template":"","meta":[],"product_cat":[240,54,220,98],"product_tag":[],"_links":{"self":[{"href":"https:\/\/mobelland.md\/ru\/wp-json\/wp\/v2\/product\/12605"}],"collection":[{"href":"https:\/\/mobelland.md\/ru\/wp-json\/wp\/v2\/product"}],"about":[{"href":"https:\/\/mobelland.md\/ru\/wp-json\/wp\/v2\/types\/product"}],"wp:featuredmedia":[{"embeddable":true,"href":"https:\/\/mobelland.md\/ru\/wp-json\/wp\/v2\/media\/12608"}],"wp:attachment":[{"href":"https:\/\/mobelland.md\/ru\/wp-json\/wp\/v2\/media?parent=12605"}],"wp:term":[{"taxonomy":"product_cat","embeddable":true,"href":"https:\/\/mobelland.md\/ru\/wp-json\/wp\/v2\/product_cat?post=12605"},{"taxonomy":"product_tag","embeddable":true,"href":"https:\/\/mobelland.md\/ru\/wp-json\/wp\/v2\/product_tag?post=12605"}],"curies":[{"name":"wp","href":"https:\/\/api.w.org\/{rel}","templated":true}]}}