{"id":12585,"date":"2020-07-23T09:33:56","date_gmt":"2020-07-23T09:33:56","guid":{"rendered":"https:\/\/mobelland.md\/?post_type=product&#038;p=12585"},"modified":"2025-12-17T11:54:02","modified_gmt":"2025-12-17T11:54:02","slug":"sfesnic-poesia-l018638","status":"publish","type":"product","link":"https:\/\/mobelland.md\/ru\/product\/sfesnic-poesia-l018638\/","title":{"rendered":"LEONARDO Suport pentru luminari Poesia (L018638)"},"content":{"rendered":"<p>Acest frumos candelabru din seria Poesia v\u0103 ofer\u0103 o senza\u021bie cald\u0103 \u0219i senzual\u0103.\u00a0Acest candelabru este un must-have absolut.<br \/>\nNimic nu v\u0103 ofer\u0103 at\u00e2ta pl\u0103cere, c\u00e2t un design frumos cu care v\u0103 pute\u021bi tr\u0103i propriul stil &#8211; cu LEONARDO.\u00a0Las\u0103-te inspirat de marea decorare!<\/p>","protected":false},"excerpt":{"rendered":"<p>Inaltime: 12,8 cm<\/p>\n<p>Diametru: 9,2 cm<\/p>\n<p>Greutate: 450 g<\/p>","protected":false},"featured_media":12586,"template":"","meta":[],"product_cat":[240,54,333,220],"product_tag":[],"_links":{"self":[{"href":"https:\/\/mobelland.md\/ru\/wp-json\/wp\/v2\/product\/12585"}],"collection":[{"href":"https:\/\/mobelland.md\/ru\/wp-json\/wp\/v2\/product"}],"about":[{"href":"https:\/\/mobelland.md\/ru\/wp-json\/wp\/v2\/types\/product"}],"wp:featuredmedia":[{"embeddable":true,"href":"https:\/\/mobelland.md\/ru\/wp-json\/wp\/v2\/media\/12586"}],"wp:attachment":[{"href":"https:\/\/mobelland.md\/ru\/wp-json\/wp\/v2\/media?parent=12585"}],"wp:term":[{"taxonomy":"product_cat","embeddable":true,"href":"https:\/\/mobelland.md\/ru\/wp-json\/wp\/v2\/product_cat?post=12585"},{"taxonomy":"product_tag","embeddable":true,"href":"https:\/\/mobelland.md\/ru\/wp-json\/wp\/v2\/product_tag?post=12585"}],"curies":[{"name":"wp","href":"https:\/\/api.w.org\/{rel}","templated":true}]}}