{"id":12413,"date":"2020-07-09T13:29:10","date_gmt":"2020-07-09T13:29:10","guid":{"rendered":"https:\/\/mobelland.md\/?post_type=product&#038;p=12413"},"modified":"2026-01-31T13:51:45","modified_gmt":"2026-01-31T13:51:45","slug":"masa-de-cafea-terna-schuller-229067","status":"publish","type":"product","link":"https:\/\/mobelland.md\/ru\/product\/masa-de-cafea-terna-schuller-229067\/","title":{"rendered":"Masa de cafea Terna SCHULLER (229067)"},"content":{"rendered":"<p>Mas\u0103 rotund\u0103 drapat\u0103 din o\u021bel inoxidabil, blat din sticl\u0103 oglind\u0103.<\/p>","protected":false},"excerpt":{"rendered":"<p>Diametru: 40 cm<\/p>\n<p>Inaltime: 46 cm<\/p>","protected":false},"featured_media":12415,"template":"","meta":[],"product_cat":[50,78,392,220],"product_tag":[],"_links":{"self":[{"href":"https:\/\/mobelland.md\/ru\/wp-json\/wp\/v2\/product\/12413"}],"collection":[{"href":"https:\/\/mobelland.md\/ru\/wp-json\/wp\/v2\/product"}],"about":[{"href":"https:\/\/mobelland.md\/ru\/wp-json\/wp\/v2\/types\/product"}],"wp:featuredmedia":[{"embeddable":true,"href":"https:\/\/mobelland.md\/ru\/wp-json\/wp\/v2\/media\/12415"}],"wp:attachment":[{"href":"https:\/\/mobelland.md\/ru\/wp-json\/wp\/v2\/media?parent=12413"}],"wp:term":[{"taxonomy":"product_cat","embeddable":true,"href":"https:\/\/mobelland.md\/ru\/wp-json\/wp\/v2\/product_cat?post=12413"},{"taxonomy":"product_tag","embeddable":true,"href":"https:\/\/mobelland.md\/ru\/wp-json\/wp\/v2\/product_tag?post=12413"}],"curies":[{"name":"wp","href":"https:\/\/api.w.org\/{rel}","templated":true}]}}