{"id":11591,"date":"2020-03-31T16:59:19","date_gmt":"2020-03-31T16:59:19","guid":{"rendered":"https:\/\/mobelland.md\/?post_type=product&#038;p=11591"},"modified":"2025-06-12T13:43:59","modified_gmt":"2025-06-12T13:43:59","slug":"scaun-mimosa-fenice-100029","status":"publish","type":"product","link":"https:\/\/mobelland.md\/ru\/product\/scaun-mimosa-fenice-100029\/","title":{"rendered":"\u0421\u0442\u0443\u043b Mimosa FENICE (100029)"},"content":{"rendered":"<p>Scaunul Mimosa pe un cadru din lemn, potrivit pentru living \u0219i buc\u0103t\u0103rie, poate fi folosit \u00eentr-un restaurant. Tapi\u021beria cu un model va atrage cu siguran\u021b\u0103 aten\u021bia oaspe\u021bilor \u0219i \u00eei va impresiona. Un scaun elegant poate fi un punct culminant \u0219i un element final al unui interior de design.<\/p>","protected":false},"excerpt":{"rendered":"<p>\u0412\u044b\u0441\u043e\u0442\u0430: 97 \u0441\u043c<br \/>\n\u0428\u0438\u0440\u0438\u043d\u0430: 43 \u0441\u043c<br \/>\n\u0413\u043b\u0443\u0431\u0438\u043d\u0430 39 \u0441\u043c<\/p>\n<p><strong>Se vind in set cite 4 buc.<\/strong><\/p>","protected":false},"featured_media":12101,"template":"","meta":[],"product_cat":[85,235,220,51,81],"product_tag":[],"_links":{"self":[{"href":"https:\/\/mobelland.md\/ru\/wp-json\/wp\/v2\/product\/11591"}],"collection":[{"href":"https:\/\/mobelland.md\/ru\/wp-json\/wp\/v2\/product"}],"about":[{"href":"https:\/\/mobelland.md\/ru\/wp-json\/wp\/v2\/types\/product"}],"wp:featuredmedia":[{"embeddable":true,"href":"https:\/\/mobelland.md\/ru\/wp-json\/wp\/v2\/media\/12101"}],"wp:attachment":[{"href":"https:\/\/mobelland.md\/ru\/wp-json\/wp\/v2\/media?parent=11591"}],"wp:term":[{"taxonomy":"product_cat","embeddable":true,"href":"https:\/\/mobelland.md\/ru\/wp-json\/wp\/v2\/product_cat?post=11591"},{"taxonomy":"product_tag","embeddable":true,"href":"https:\/\/mobelland.md\/ru\/wp-json\/wp\/v2\/product_tag?post=11591"}],"curies":[{"name":"wp","href":"https:\/\/api.w.org\/{rel}","templated":true}]}}