{"id":11350,"date":"2020-03-03T11:15:04","date_gmt":"2020-03-03T11:15:04","guid":{"rendered":"https:\/\/mobelland.md\/?post_type=product&#038;p=11350"},"modified":"2022-08-17T08:43:39","modified_gmt":"2022-08-17T08:43:39","slug":"scaun-zijlstra-4540","status":"publish","type":"product","link":"https:\/\/mobelland.md\/ru\/product\/scaun-zijlstra-4540\/","title":{"rendered":"Fotoliu ZIJLSTRA (4540\/54R)"},"content":{"rendered":"<p>Acest fotoliu este acoperit cu \u021bes\u0103tur\u0103. Aceasta este o \u021bes\u0103tur\u0103 cald\u0103 \u0219i durabil\u0103, care, \u00een combina\u021bie cu picioarele din stejar solid, ofer\u0103 un aspect prietenos. Sp\u0103tarul \u00een form\u0103 rotund\u0103 cu cotiere \u0219i scaunul gros contribuie la confortul ridicat al scaunelor.<\/p>\n<p>Fotoliu este disponibil \u00een culoarea sand.<\/p>","protected":false},"excerpt":{"rendered":"<p>\u0428\u0438\u0440\u0438\u043d\u0430 (\u0432 \u043c): 0,62<br \/>\n\u0413\u043b\u0443\u0431\u0438\u043d\u0430 (\u0432 \u043c): 0,645<br \/>\n\u0412\u044b\u0441\u043e\u0442\u0430 (\u0432 \u043c): 0,73<br \/>\n\u0412\u0435\u0441 \u043d\u0435\u0442\u0442\u043e (\u0432 \u043a\u0433): 9<br \/>\n\u0421\u043e\u0441\u0442\u0430\u0432: 70% poliester \/ 30% \u0445\u043b\u043e\u043f\u043e\u043a<br \/>\n\u041c\u0430\u0442\u0435\u0440\u0438\u0430\u043b \u0441\u0438\u0434\u0435\u043d\u044c\u044f:  \u0442\u043a\u0430\u043d\u044c<br \/>\nMateriale de subteran: lemn de stejar<br \/>\n\u0422\u0438\u043f \u0448\u0430\u0441\u0441\u0438: 4 \u043d\u043e\u0433\u0438<br \/>\n\u0413\u043b\u0443\u0431\u0438\u043d\u0430 \u0441\u0438\u0434\u0435\u043d\u044c\u044f (\u0432 \u043c): 0,5<br \/>\n\u0412\u044b\u0441\u043e\u0442\u0430 \u0441\u0438\u0434\u0435\u043d\u044c\u044f(\u0432 \u043c): 0,42<br \/>\n\u0412\u044b\u0441\u043e\u0442\u0430 \u043f\u043e\u0434\u043b\u043e\u043a\u043e\u0442\u043d\u0438\u043a\u043e\u0432 (\u0432 \u043c): 0,67<br \/>\n\u041e\u0431\u0441\u043b\u0443\u0436\u0438\u0432\u0430\u043d\u0438\u0435:\u0420\u0435\u0433\u0443\u043b\u044f\u0440\u043d\u043e \u043f\u044b\u043b\u0435\u0441\u043e\u0441\u0438\u0442\u044c \u0438 \u043f\u0440\u043e\u0442\u0440\u0438\u0442\u0435 \u0432\u043b\u0430\u0436\u043d\u043e\u0439 \u0442\u0440\u044f\u043f\u043a\u043e\u0439.<\/p>","protected":false},"featured_media":17590,"template":"","meta":[],"product_cat":[49,237,220],"product_tag":[],"_links":{"self":[{"href":"https:\/\/mobelland.md\/ru\/wp-json\/wp\/v2\/product\/11350"}],"collection":[{"href":"https:\/\/mobelland.md\/ru\/wp-json\/wp\/v2\/product"}],"about":[{"href":"https:\/\/mobelland.md\/ru\/wp-json\/wp\/v2\/types\/product"}],"wp:featuredmedia":[{"embeddable":true,"href":"https:\/\/mobelland.md\/ru\/wp-json\/wp\/v2\/media\/17590"}],"wp:attachment":[{"href":"https:\/\/mobelland.md\/ru\/wp-json\/wp\/v2\/media?parent=11350"}],"wp:term":[{"taxonomy":"product_cat","embeddable":true,"href":"https:\/\/mobelland.md\/ru\/wp-json\/wp\/v2\/product_cat?post=11350"},{"taxonomy":"product_tag","embeddable":true,"href":"https:\/\/mobelland.md\/ru\/wp-json\/wp\/v2\/product_tag?post=11350"}],"curies":[{"name":"wp","href":"https:\/\/api.w.org\/{rel}","templated":true}]}}