{"id":11275,"date":"2020-03-02T11:33:39","date_gmt":"2020-03-02T11:33:39","guid":{"rendered":"https:\/\/mobelland.md\/?post_type=product&#038;p=11275"},"modified":"2026-03-18T10:08:22","modified_gmt":"2026-03-18T10:08:22","slug":"masa-de-cafea-zijlstra-3368-31a","status":"publish","type":"product","link":"https:\/\/mobelland.md\/ru\/product\/masa-de-cafea-zijlstra-3368-31a\/","title":{"rendered":"\u041a\u043e\u0444\u0435\u0439\u043d\u044b\u0439 \u0441\u0442\u043e\u043b\u0438\u043a ZIJLSTRA (3368\/31A)"},"content":{"rendered":"<p>Aceast\u0103 mas\u0103 de cafea \u201eJackstone\u201d este confec\u021bionat\u0103 din pietricele plate din o\u021bel de diferite dimensiuni. Acestea sunt sudate \u00eempreun\u0103 \u00eentr-un mod tradi\u021bional, ceea ce ofer\u0103 m\u0103su\u021belor un aspect frumos. Deoarece interiorul are o construc\u021bie solid\u0103 din o\u021bel, masa de cafea este rezistent\u0103 \u0219i stabil\u0103. Masu\u021b\u0103 are diametru de 55 de centimetri.<\/p>","protected":false},"excerpt":{"rendered":"<p>Lungime: 55 cm<\/p>\n<p>\u0428\u0438\u0440\u0438\u043d\u0430: 55 cm<\/p>\n<p>\u0412\u044b\u0441\u043e\u0442\u0430: 28 \u0441\u043c<\/p>","protected":false},"featured_media":11278,"template":"","meta":[],"product_cat":[50,392,78,220],"product_tag":[],"_links":{"self":[{"href":"https:\/\/mobelland.md\/ru\/wp-json\/wp\/v2\/product\/11275"}],"collection":[{"href":"https:\/\/mobelland.md\/ru\/wp-json\/wp\/v2\/product"}],"about":[{"href":"https:\/\/mobelland.md\/ru\/wp-json\/wp\/v2\/types\/product"}],"wp:featuredmedia":[{"embeddable":true,"href":"https:\/\/mobelland.md\/ru\/wp-json\/wp\/v2\/media\/11278"}],"wp:attachment":[{"href":"https:\/\/mobelland.md\/ru\/wp-json\/wp\/v2\/media?parent=11275"}],"wp:term":[{"taxonomy":"product_cat","embeddable":true,"href":"https:\/\/mobelland.md\/ru\/wp-json\/wp\/v2\/product_cat?post=11275"},{"taxonomy":"product_tag","embeddable":true,"href":"https:\/\/mobelland.md\/ru\/wp-json\/wp\/v2\/product_tag?post=11275"}],"curies":[{"name":"wp","href":"https:\/\/api.w.org\/{rel}","templated":true}]}}