{"id":11201,"date":"2020-02-28T11:56:37","date_gmt":"2020-02-28T11:56:37","guid":{"rendered":"https:\/\/mobelland.md\/?post_type=product&#038;p=11201"},"modified":"2025-12-10T11:04:14","modified_gmt":"2025-12-10T11:04:14","slug":"ceas-lluvia-schuller-374539","status":"publish","type":"product","link":"https:\/\/mobelland.md\/ru\/product\/ceas-lluvia-schuller-374539\/","title":{"rendered":"\u0427\u0430\u0441\u044b Lluvia SCHULLER (374539)"},"content":{"rendered":"<p>Ceas p\u0103trat format din oglinzi cu \u0219anfren, \u00eentr-un cadru de sticl\u0103 serigrafic\u0103 cu model de pic\u0103tur\u0103, pe baza de MDF acoperit cu lac negru.<\/p>","protected":false},"excerpt":{"rendered":"<p>\u0420\u0430\u0437\u043c\u0435\u0440\u044b: \u2194 50,0 \u21a8 50,0\u00a0<img src=\"https:\/\/www.schuller.es\/images\/flecha_diagonal.png\" border=\"0\" \/>\u00a05,0 \u0441\u043c<\/p>\n<p>\u0412\u0435\u0441: 5 \u043a\u0433<\/p>","protected":false},"featured_media":11203,"template":"","meta":[],"product_cat":[240,54,243,220],"product_tag":[],"_links":{"self":[{"href":"https:\/\/mobelland.md\/ru\/wp-json\/wp\/v2\/product\/11201"}],"collection":[{"href":"https:\/\/mobelland.md\/ru\/wp-json\/wp\/v2\/product"}],"about":[{"href":"https:\/\/mobelland.md\/ru\/wp-json\/wp\/v2\/types\/product"}],"wp:featuredmedia":[{"embeddable":true,"href":"https:\/\/mobelland.md\/ru\/wp-json\/wp\/v2\/media\/11203"}],"wp:attachment":[{"href":"https:\/\/mobelland.md\/ru\/wp-json\/wp\/v2\/media?parent=11201"}],"wp:term":[{"taxonomy":"product_cat","embeddable":true,"href":"https:\/\/mobelland.md\/ru\/wp-json\/wp\/v2\/product_cat?post=11201"},{"taxonomy":"product_tag","embeddable":true,"href":"https:\/\/mobelland.md\/ru\/wp-json\/wp\/v2\/product_tag?post=11201"}],"curies":[{"name":"wp","href":"https:\/\/api.w.org\/{rel}","templated":true}]}}