{"id":685,"date":"2019-10-04T10:08:57","date_gmt":"2019-10-04T10:08:57","guid":{"rendered":"https:\/\/mobelland.md\/?page_id=685"},"modified":"2022-12-13T11:29:07","modified_gmt":"2022-12-13T11:29:07","slug":"contacte","status":"publish","type":"page","link":"https:\/\/mobelland.md\/ru\/contacte\/","title":{"rendered":"\u041a\u043e\u043d\u0442\u0430\u043a\u0442\u044b"},"content":{"rendered":"<div class=\"vc_row wpb_row vc_row-fluid vc_custom_1484587700785\"><div class=\"wpb_column vc_column_container vc_col-sm-6 vc_col-lg-4 vc_col-md-4\"><div class=\"vc_column-inner vc_custom_1496934090366\"><div class=\"wpb_wrapper\">\t\t\n\t\t<div id=\"wd-5d9b97deed57e\" class=\"title-wrapper  woodmart-title-color-default woodmart-title-style-default woodmart-title-width-100 text-left woodmart-title-size-default vc_custom_1570478054507\">\n\t\t\t\t\t\t\n\t\t\t<div class=\"liner-continer\">\n\t\t\t\t<span class=\"left-line\"><\/span>\n\t\t\t\t<h4 class=\"woodmart-title-container title  woodmart-font-weight-\" >SHOWROOM<\/h4>\t\t\t\t\t\t\t\t<span class=\"right-line\"><\/span>\n\t\t\t<\/div>\n\t\t\t\n\t\t\t\t\t\t\n\t\t\t\t\t<\/div>\n\t\t\n\t\t<div class=\"vc_row wpb_row vc_inner vc_row-fluid\"><div class=\"wpb_column vc_column_container vc_col-sm-6\"><div class=\"vc_column-inner\"><div class=\"wpb_wrapper\"><p style=\"font-size: 16px;color: #333333;text-align: left\" class=\"vc_custom_heading vc_custom_1570478068564\" >CHI\u0218IN\u0102U<\/p>\n\t<div class=\"wpb_text_column wpb_content_element vc_custom_1570478102629\" >\n\t\t<div class=\"wpb_wrapper\">\n\t\t\t<p>\u0423\u043b\u0438\u0446\u0430 \u0413\u0440\u0435\u043d\u043e\u0431\u043b\u044f 255\/2<br \/>\n\u0411\u043e\u0442\u0430\u043d\u0438\u043a\u0430<\/p>\n\n\t\t<\/div>\n\t<\/div>\n\n\t<div class=\"wpb_text_column wpb_content_element\" >\n\t\t<div class=\"wpb_wrapper\">\n\t\t\t<p><strong>\u0422\u0435\u043b\u0435\u0444\u043e\u043d:<br \/>\n<\/strong><a href=\"tel:022123123\">022 123 123<\/a><\/p>\n\n\t\t<\/div>\n\t<\/div>\n<\/div><\/div><\/div><div class=\"wpb_column vc_column_container vc_col-sm-6\"><div class=\"vc_column-inner\"><div class=\"wpb_wrapper\"><p style=\"font-size: 16px;color: #333333;text-align: left\" class=\"vc_custom_heading vc_custom_1570478222424\" >\u0413\u0440\u0430\u0444\u0438\u043a \u0440\u0430\u0431\u043e\u0442\u044b<\/p>\n\t<div class=\"wpb_text_column wpb_content_element vc_custom_1628589106594\" >\n\t\t<div class=\"wpb_wrapper\">\n\t\t\t<p>Lu &#8211; Vi: 10:00 &#8211; 19:00<br \/>\nS\u00e2mb\u0103t\u0103 : 10:00 &#8211; 16:00<\/p>\n\n\t\t<\/div>\n\t<\/div>\n\n\t<div class=\"wpb_text_column wpb_content_element\" >\n\t\t<div class=\"wpb_wrapper\">\n\t\t\t<p><strong>Email:\u00a0<\/strong><br \/>\nmobelland.info@gmail.com<\/p>\n\n\t\t<\/div>\n\t<\/div>\n<\/div><\/div><\/div><\/div>\t\t\n\t\t<div id=\"wd-5d9b993ff2cf6\" class=\"title-wrapper  woodmart-title-color-default woodmart-title-style-default woodmart-title-width-100 text-left woodmart-title-size-default vc_custom_1570479488032\">\n\t\t\t\t\t\t\n\t\t\t<div class=\"liner-continer\">\n\t\t\t\t<span class=\"left-line\"><\/span>\n\t\t\t\t<h4 class=\"woodmart-title-container title  woodmart-font-weight-\" >CONTACTA\u021aI-NE<\/h4>\t\t\t\t\t\t\t\t<span class=\"right-line\"><\/span>\n\t\t\t<\/div>\n\t\t\t\n\t\t\t\t\t\t\n\t\t\t\t\t<\/div>\n\t\t\n\t\t\n\t<div class=\"wpb_text_column wpb_content_element vc_custom_1570479569629\" >\n\t\t<div class=\"wpb_wrapper\">\n\t\t\t<p>Serviciul clientel\u0103 este gata s\u0103 v\u0103 ofere r\u0103spuns la orice \u00eentrebare, \u00een limita graficului de activitate.<\/p>\n\n\t\t<\/div>\n\t<\/div>\n\n\t\t\t<div class=\"woodmart-social-icons text-left icons-design- icons-size-default color-scheme-dark social-follow social-form-circle\">\n\t\t\t\t\t\t\t\t\t<a rel=\"nofollow\" href=\"https:\/\/www.facebook.com\/moebel.md\/\" target=\"_blank\" class=\"woodmart-social-icon social-facebook\">\n\t\t\t\t\t\t<i><\/i>\n\t\t\t\t\t\t<span class=\"woodmart-social-icon-name\" data-no-translation=\"\" data-trp-gettext=\"\">Facebook<\/span>\n\t\t\t\t\t<\/a>\n\t\t\t\t\n\t\t\t\t\n\t\t\t\t\n\t\t\t\t\t\t\t\t\t<a rel=\"nofollow\" href=\"https:\/\/www.instagram.com\/mobel.land\/\" target=\"_blank\" class=\"woodmart-social-icon social-instagram\">\n\t\t\t\t\t\t<i><\/i>\n\t\t\t\t\t\t<span class=\"woodmart-social-icon-name\" data-no-translation=\"\" data-trp-gettext=\"\">Instagram<\/span>\n\t\t\t\t\t<\/a>\n\t\t\t\t\n\t\t\t\t\n\t\t\t\t\n\t\t\t\t\n\t\t\t\t\n\t\t\t\t\n\t\t\t\t\n\t\t\t\t\n\t\t\t\t\n\t\t\t\t\n\t\t\t\t\n\t\t\t\t\n\t\t\t\t\n\t\t\t\t\n\t\t\t\t\t\t\t\t\n\t\t\t\t\t\t\t\t\n\t\t\t\t\n\t\t\t\t\t\t\t\t\n\t\t\t\t\n\t\t\t<\/div>\n\n\t\t<\/div><\/div><\/div><div class=\"wpb_column vc_column_container vc_col-sm-6 vc_col-lg-8 vc_col-md-8\"><div class=\"vc_column-inner\"><div class=\"wpb_wrapper\">\n\t<div class=\"wpb_raw_code wpb_content_element wpb_raw_html\" >\n\t\t<div class=\"wpb_wrapper\">\n\t\t\t<iframe src=\"https:\/\/www.google.com\/maps\/embed?pb=!1m14!1m8!1m3!1d10889.428798632372!2d28.8490167!3d46.9743183!3m2!1i1024!2i768!4f13.1!3m3!1m2!1s0x0%3A0xb1a742b54f3dcab8!2sMobel%20Land!5e0!3m2!1sru!2s!4v1570479686014!5m2!1sru!2s\" width=\"100%\" height=\"450\" frameborder=\"0\" style=\"border:0;\" allowfullscreen=\"\"><\/iframe>\n\t\t<\/div>\n\t<\/div>\n<\/div><\/div><\/div><\/div><div class=\"vc_row wpb_row vc_row-fluid\"><div class=\"wpb_column vc_column_container vc_col-sm-12\"><div class=\"vc_column-inner\"><div class=\"wpb_wrapper\">\n\t<div class=\"wpb_text_column wpb_content_element\" >\n\t\t<div class=\"wpb_wrapper\">\n\t\t\t<p><!-- \/wp:html --><\/p>\n\n\t\t<\/div>\n\t<\/div>\n<\/div><\/div><\/div><\/div><div class=\"vc_row wpb_row vc_row-fluid\"><div class=\"wpb_column vc_column_container vc_col-sm-12\"><div class=\"vc_column-inner\"><div class=\"wpb_wrapper\">\t\t\n\t\t<div id=\"wd-5d9c47bbe40bf\" class=\"title-wrapper  woodmart-title-color-default woodmart-title-style-underlined woodmart-title-width-100 text-center woodmart-title-size-medium\">\n\t\t\t\t\t\t\n\t\t\t<div class=\"liner-continer\">\n\t\t\t\t<span class=\"left-line\"><\/span>\n\t\t\t\t<h4 class=\"woodmart-title-container title  woodmart-font-weight-\" >Echipa M\u00f6bel Land<\/h4>\t\t\t\t\t\t\t\t<span class=\"right-line\"><\/span>\n\t\t\t<\/div>\n\t\t\t\n\t\t\t\t\t\t\n\t\t\t\t\t<\/div>\n\t\t\n\t\t<div class=\"vc_row wpb_row vc_inner vc_row-fluid\"><div class=\"wpb_column vc_column_container vc_col-sm-6\"><div class=\"vc_column-inner\"><div class=\"wpb_wrapper\">\n\t<div  class=\"wpb_single_image wpb_content_element vc_align_center\">\n\t\t\n\t\t<figure class=\"wpb_wrapper vc_figure\">\n\t\t\t<div class=\"vc_single_image-wrapper   vc_box_border_grey\"><img width=\"300\" height=\"272\" src=\"https:\/\/mobelland.md\/wp-content\/uploads\/2019\/11\/image00003-300x272.jpeg\" class=\"vc_single_image-img attachment-medium\" alt=\"\" loading=\"lazy\" srcset=\"https:\/\/mobelland.md\/wp-content\/uploads\/2019\/11\/image00003-300x272.jpeg 300w, https:\/\/mobelland.md\/wp-content\/uploads\/2019\/11\/image00003.jpeg 405w\" sizes=\"(max-width: 300px) 100vw, 300px\" \/><\/div>\n\t\t<\/figure>\n\t<\/div>\n\n\t<div class=\"wpb_text_column wpb_content_element\" >\n\t\t<div class=\"wpb_wrapper\">\n\t\t\t<p style=\"text-align: center;\"><strong>\u0422\u0430\u0442\u044c\u044f\u043d\u0430 \u0428\u0443\u044e &#8211; #\u041c\u043e\u0442\u043e\u0440\u0447\u0438\u043a \u043a\u043e\u043c\u043f\u0430\u043d\u0438\u0438.<\/strong><br \/>\n\u0422\u0430\u0442\u044c\u044f\u043d\u0430, \u0434\u0438\u0440\u0435\u043a\u0442\u043e\u0440 \u0448\u043e\u0443 &#8211; \u0440\u0443\u043c\u0430 M\u00f6bel Land. \u0423 \u043d\u0435\u0451 \u0432\u0441\u0435\u0433\u0434\u0430 \u0431\u043b\u0435\u0441\u043a \u0432 \u0433\u043b\u0430\u0437\u0430\u0445 \u0438 \u043c\u043e\u0440\u0435 #\u044d\u043d\u0435\u0440\u0433\u0438\u0438! \u041e\u0431\u0440\u0430\u0449\u0430\u044f\u0441\u044c \u043a \u043d\u0435\u0439 \u0437\u0430 \u0434\u0435\u043b\u044c\u043d\u044b\u043c \u0441\u043e\u0432\u0435\u0442\u043e\u043c &#8211; \u0432\u0441\u0435\u0433\u0434\u0430 \u0435\u0433\u043e \u043f\u043e\u043b\u0443\u0447\u0430\u0435\u043c. \u041e\u043d\u0430 \u043e\u0447\u0435\u043d\u044c \u0432\u043d\u0438\u043c\u0430\u0442\u0435\u043b\u044c\u043d\u0430, \u043d\u0438\u0447\u0442\u043e \u0438 \u043d\u0438\u043a\u043e\u0433\u043e \u043d\u0435 \u043f\u0440\u043e\u043f\u0443\u0441\u0442\u0438\u0442, \u0432\u0441\u0451 \u0437\u0430\u043c\u0435\u0442\u0438\u0442 \u0438 \u0437\u0430\u0444\u0438\u043a\u0441\u0438\u0440\u0443\u0435\u0442. #\u0421\u0435\u0440\u044c\u0435\u0437\u043d\u044b\u0439 \u043f\u043e\u0434\u0445\u043e\u0434 \u043a \u043a\u0430\u0436\u0434\u043e\u0439 \u043f\u043e\u0441\u0442\u0430\u0432\u043b\u0435\u043d\u043d\u043e\u0439 \u0437\u0430\u0434\u0430\u0447\u0435 \u0438 \u0443\u043c\u0435\u043d\u0438\u0435 \u0440\u0435\u0448\u0438\u0442\u044c \u0441\u0430\u043c\u044b\u0435 \u0441\u043b\u043e\u0436\u043d\u044b\u0435 \u0432\u043e\u043f\u0440\u043e\u0441\u044b.<\/p>\n\n\t\t<\/div>\n\t<\/div>\n<\/div><\/div><\/div><div class=\"wpb_column vc_column_container vc_col-sm-6\"><div class=\"vc_column-inner\"><div class=\"wpb_wrapper\">\n\t<div  class=\"wpb_single_image wpb_content_element vc_align_center\">\n\t\t\n\t\t<figure class=\"wpb_wrapper vc_figure\">\n\t\t\t<div class=\"vc_single_image-wrapper   vc_box_border_grey\"><img width=\"300\" height=\"287\" src=\"https:\/\/mobelland.md\/wp-content\/uploads\/2019\/11\/image00006-300x287.jpeg\" class=\"vc_single_image-img attachment-medium\" alt=\"\" loading=\"lazy\" srcset=\"https:\/\/mobelland.md\/wp-content\/uploads\/2019\/11\/image00006-300x287.jpeg 300w, https:\/\/mobelland.md\/wp-content\/uploads\/2019\/11\/image00006.jpeg 511w\" sizes=\"(max-width: 300px) 100vw, 300px\" \/><\/div>\n\t\t<\/figure>\n\t<\/div>\n\n\t<div class=\"wpb_text_column wpb_content_element\" >\n\t\t<div class=\"wpb_wrapper\">\n\t\t\t<p style=\"text-align: center;\"><strong>\u0415\u043a\u0430\u0442\u0435\u0440\u0438\u043d\u0430 \u0414\u0430\u0440\u0430\u0431\u0430\u043d<\/strong> \u043f\u043e\u0441\u0442\u043e\u044f\u043d\u043d\u043e \u043f\u0440\u043e\u044f\u0432\u043b\u044f\u0435\u0442 \u0438\u0437\u043e\u0431\u0440\u0435\u0442\u0430\u0442\u0435\u043b\u044c\u043d\u043e\u0441\u0442\u044c \u0438 \u043d\u0430\u0445\u043e\u0434\u0447\u0438\u0432\u043e\u0441\u0442\u044c \u0434\u043b\u044f \u0434\u043e\u0441\u0442\u0438\u0436\u0435\u043d\u0438\u044f \u0446\u0435\u043b\u0438, \u043e\u0431\u043b\u0430\u0434\u0430\u0435\u0442 \u0441\u043f\u043e\u0441\u043e\u0431\u043d\u043e\u0441\u0442\u044c\u044e \u043d\u0430\u0439\u0442\u0438 \u0432\u044b\u0445\u043e\u0434 \u0438\u0437 \u043b\u044e\u0431\u043e\u0439 \u0441\u0438\u0442\u0443\u0430\u0446\u0438\u0439. \u0421\u0432\u043e\u0435\u0439 \u044d\u043d\u0435\u0440\u0433\u0438\u0435\u0439 \u0438 \u044d\u043d\u0442\u0443\u0437\u0438\u0430\u0437\u043c\u043e\u043c \u0443\u043c\u0435\u0435\u0442 \u0443\u0432\u043b\u0435\u0447\u044c \u043a\u043e\u043b\u043b\u0435\u0433 \u0438 \u043f\u043e\u0441\u0435\u0442\u0438\u0442\u0435\u043b\u0435\u0439 \u0448\u043e\u0443\u0440\u0443\u043c\u0430. \u0415\u043a\u0430\u0442\u0435\u0440\u0438\u043d\u0430 \u0432\u0441\u0435\u0433\u0434\u0430 \u0438\u043d\u0442\u0435\u043b\u043b\u0438\u0433\u0435\u043d\u0442\u043d\u0430, \u0432 \u0441\u0432\u043e\u0435\u0439 \u0440\u0430\u0431\u043e\u0442\u0435 \u043a\u043e\u043c\u043f\u0435\u0442\u0435\u043d\u0442\u043d\u0430.<\/p>\n\n\t\t<\/div>\n\t<\/div>\n<\/div><\/div><\/div><\/div><div class=\"vc_row wpb_row vc_inner vc_row-fluid\"><div class=\"wpb_column vc_column_container vc_col-sm-4\"><div class=\"vc_column-inner\"><div class=\"wpb_wrapper\">\n\t<div  class=\"wpb_single_image wpb_content_element vc_align_center\">\n\t\t\n\t\t<figure class=\"wpb_wrapper vc_figure\">\n\t\t\t<div class=\"vc_single_image-wrapper   vc_box_border_grey\"><img width=\"300\" height=\"295\" src=\"https:\/\/mobelland.md\/wp-content\/uploads\/2019\/11\/image00004-300x295.jpeg\" class=\"vc_single_image-img attachment-medium\" alt=\"\" loading=\"lazy\" srcset=\"https:\/\/mobelland.md\/wp-content\/uploads\/2019\/11\/image00004-300x295.jpeg 300w, https:\/\/mobelland.md\/wp-content\/uploads\/2019\/11\/image00004.jpeg 347w\" sizes=\"(max-width: 300px) 100vw, 300px\" \/><\/div>\n\t\t<\/figure>\n\t<\/div>\n\n\t<div class=\"wpb_text_column wpb_content_element\" >\n\t\t<div class=\"wpb_wrapper\">\n\t\t\t<p style=\"text-align: center;\">\u0417\u043d\u0430\u043a\u043e\u043c\u044c\u0442\u0435\u0441\u044c, <strong>\u041b\u0438\u043b\u0438\u0430\u043d\u0430 \u0413\u0440\u043e\u0437\u0430\u0432<\/strong> &#8211; \u043c\u0435\u043d\u0435\u0434\u0436\u0435\u0440 \u043f\u043e \u043c\u044f\u0433\u043a\u043e\u0439 \u043c\u0435\u0431\u0435\u043b\u0438.<br \/>\n\u0415\u0451 \u0434\u0435\u0432\u0438\u0437 &#8222;\u0421\u043a\u0430\u0437\u0430\u043d\u043e-\u0441\u0434\u0435\u043b\u0430\u043d\u043e!&#8221; , \u0435\u0441\u043b\u0438 \u0432\u0437\u044f\u043b\u0430\u0441\u044c \u0437\u0430 \u0434\u0435\u043b\u043e, \u0442\u043e \u043e\u0431\u044f\u0437\u0430\u0442\u0435\u043b\u044c\u043d\u043e \u0434\u043e\u0432\u0435\u0434\u0451\u0442 \u0435\u0433\u043e \u0434\u043e \u043a\u043e\u043d\u0446\u0430, \u0447\u0435\u0433\u043e \u0431\u044b \u0435\u0439 \u044d\u0442\u043e\u0433\u043e \u043d\u0435 \u0441\u0442\u043e\u0438\u043b\u043e. \u0410 \u0435\u0449\u0451 \u043a\u043e\u0433\u0434\u0430 \u043f\u0440\u0438\u0433\u043b\u0430\u0448\u0430\u043b\u0438 \u041b\u0438\u043b\u0438\u0430\u043d\u0443 \u043d\u0430 \u0440\u0430\u0431\u043e\u0442\u044b, \u0442\u043e \u044f\u0432\u043d\u043e \u043f\u043b\u0430\u043d\u0438\u0440\u043e\u0432\u0430\u043b\u0438 \u0441\u044d\u043a\u043e\u043d\u043e\u043c\u0438\u0442\u044c \u043d\u0430 \u044d\u043b\u0435\u043a\u0442\u0440\u043e\u044d\u043d\u0435\u0440\u0433\u0438\u0438. \u0412\u0435\u0434\u044c \u0435\u0435 \u0443\u043b\u044b\u0431\u043a\u0430 \u0441\u043f\u043e\u0441\u043e\u0431\u043d\u0430 \u043e\u0441\u0432\u0435\u0442\u0438\u0442\u044c \u0434\u0430\u0436\u0435 \u0441\u0430\u043c\u044b\u0435 \u0442\u0435\u043c\u043d\u044b\u0435 \u043f\u043e\u043c\u0435\u0449\u0435\u043d\u0438\u044f.<\/p>\n\n\t\t<\/div>\n\t<\/div>\n<\/div><\/div><\/div><div class=\"wpb_column vc_column_container vc_col-sm-4\"><div class=\"vc_column-inner\"><div class=\"wpb_wrapper\">\n\t<div  class=\"wpb_single_image wpb_content_element vc_align_center\">\n\t\t\n\t\t<figure class=\"wpb_wrapper vc_figure\">\n\t\t\t<div class=\"vc_single_image-wrapper   vc_box_border_grey\"><img width=\"300\" height=\"245\" src=\"https:\/\/mobelland.md\/wp-content\/uploads\/2019\/11\/image00005-300x245.jpeg\" class=\"vc_single_image-img attachment-medium\" alt=\"\" loading=\"lazy\" srcset=\"https:\/\/mobelland.md\/wp-content\/uploads\/2019\/11\/image00005-300x245.jpeg 300w, https:\/\/mobelland.md\/wp-content\/uploads\/2019\/11\/image00005.jpeg 396w\" sizes=\"(max-width: 300px) 100vw, 300px\" \/><\/div>\n\t\t<\/figure>\n\t<\/div>\n\n\t<div class=\"wpb_text_column wpb_content_element\" >\n\t\t<div class=\"wpb_wrapper\">\n\t\t\t<p style=\"text-align: center;\">\u042d\u0442\u043e\u0442 \u0447\u0435\u043b\u043e\u0432\u0435\u043a \u043d\u0435 \u043d\u0443\u0436\u0434\u0430\u0435\u0442\u0441\u044f \u0432 \u0440\u0435\u043a\u043b\u0430\u043c\u0435. \u0421\u043f\u043e\u043a\u043e\u0439\u043d\u043e \u0440\u0430\u0431\u043e\u0442\u0430\u0435\u0442 \u0440\u044f\u0434\u043e\u043c \u0441 \u043d\u0430\u043c\u0438, \u0438 \u0435\u0441\u043b\u0438 \u0432\u044b \u0434\u0443\u043c\u0430\u0435\u0442\u0435, \u0447\u0442\u043e \u0435\u0435 \u0435\u0449\u0451 \u043c\u043e\u0436\u043d\u043e \u0447\u0435\u043c-\u0442\u043e \u043d\u0430\u043f\u0443\u0433\u0430\u0442\u044c, \u0432\u044b \u0433\u043b\u0443\u0431\u043e\u043a\u043e \u0437\u0430\u0431\u043b\u0443\u0436\u0434\u0430\u0435\u0442\u0435\u0441\u044c.<br \/>\n\u041d\u0430\u0448 \u0446\u0435\u043d\u043d\u044b\u0439 \u0431\u0443\u0445\u0433\u0430\u043b\u0442\u0435\u0440 <strong>\u042e\u043b\u0438\u044f \u041a\u0430\u0440\u0434\u0438\u0431\u0430\u043d\u043e\u0432\u0441\u043a\u0430\u044f<\/strong> (Iulia Kardibanovskaya)\u0441\u0442\u0430\u0432\u0438\u0442 \u0430\u043c\u0431\u0438\u0446\u0438\u043e\u0437\u043d\u044b\u0435 \u0446\u0435\u043b\u0438 \u0438 \u043f\u043e\u0432\u044b\u0448\u0430\u0435\u0442 \u0434\u043b\u044f \u0441\u0435\u0431\u044f \u043f\u043b\u0430\u043d\u043a\u0443 \u0442\u0440\u0435\u0431\u043e\u0432\u0430\u043d\u0438\u0439.<br \/>\n\u0421\u043e\u0431\u0440\u0430\u043d\u043d\u043e\u0441\u0442\u044c, \u0432\u043d\u0438\u043c\u0430\u0442\u0435\u043b\u044c\u043d\u043e\u0441\u0442\u044c \u0438 \u043e\u043f\u0435\u0440\u0430\u0442\u0438\u0432\u043d\u043e\u0441\u0442\u044c \u0433\u043b\u0430\u0432\u043d\u044b\u0435 \u0435\u0451 \u0447\u0435\u0440\u0442\u044b \u0445\u0430\u0440\u0430\u043a\u0442\u0435\u0440\u0430!<\/p>\n\n\t\t<\/div>\n\t<\/div>\n<\/div><\/div><\/div><div class=\"wpb_column vc_column_container vc_col-sm-4\"><div class=\"vc_column-inner\"><div class=\"wpb_wrapper\">\n\t<div  class=\"wpb_single_image wpb_content_element vc_align_center\">\n\t\t\n\t\t<figure class=\"wpb_wrapper vc_figure\">\n\t\t\t<div class=\"vc_single_image-wrapper   vc_box_border_grey\"><img width=\"300\" height=\"256\" src=\"https:\/\/mobelland.md\/wp-content\/uploads\/2019\/11\/image00002-300x256.jpeg\" class=\"vc_single_image-img attachment-medium\" alt=\"\" loading=\"lazy\" srcset=\"https:\/\/mobelland.md\/wp-content\/uploads\/2019\/11\/image00002-300x256.jpeg 300w, https:\/\/mobelland.md\/wp-content\/uploads\/2019\/11\/image00002-768x656.jpeg 768w, https:\/\/mobelland.md\/wp-content\/uploads\/2019\/11\/image00002-1024x874.jpeg 1024w, https:\/\/mobelland.md\/wp-content\/uploads\/2019\/11\/image00002.jpeg 1080w\" sizes=\"(max-width: 300px) 100vw, 300px\" \/><\/div>\n\t\t<\/figure>\n\t<\/div>\n\n\t<div class=\"wpb_text_column wpb_content_element\" >\n\t\t<div class=\"wpb_wrapper\">\n\t\t\t<p style=\"text-align: center;\">\u0417\u043d\u0430\u043a\u043e\u043c\u044c\u0442\u0435\u0441\u044c, <strong>\u041a\u0430\u0440\u0430 \u0418\u0440\u0438\u043d\u0430<\/strong> \u0432\u0441\u0435\u0433\u0434\u0430 \u043f\u0440\u0438\u043d\u0438\u043c\u0430\u0435\u0442 \u0430\u043a\u0442\u0438\u0432\u043d\u043e\u0435 \u0443\u0447\u0430\u0441\u0442\u0438\u0435 \u0432 \u0434\u0435\u044f\u0442\u0435\u043b\u044c\u043d\u043e\u0441\u0442\u0438 \u043a\u043e\u043c\u043f\u0430\u043d\u0438\u0438, \u0438 \u0443\u043c\u0435\u0435\u0442 \u0443\u0441\u0442\u0430\u043d\u043e\u0432\u0438\u0442\u044c \u043a\u043e\u043d\u0442\u0430\u043a\u0442 \u0441 \u043f\u0440\u0435\u0434\u0441\u0442\u0430\u0432\u0438\u0442\u0435\u043b\u044f\u043c\u0438 \u0447\u0443\u0436\u0434\u044b\u0445 \u043d\u0430\u043c \u0441\u0442\u0440\u0430\u043d, \u0430 \u0437\u043d\u0430\u043d\u0438\u0435 \u0441\u043b\u043e\u0432 \u043c\u0435\u0436\u0434\u0443\u043d\u0430\u0440\u043e\u0434\u043d\u043e\u0433\u043e \u0437\u043d\u0430\u0447\u0435\u043d\u0438\u044f \u0432\u044b\u0432\u043e\u0434\u0438\u0442 \u043d\u0430\u0441 \u043d\u0430 \u043d\u043e\u0432\u044b\u0439 \u0443\u0440\u043e\u0432\u0435\u043d\u044c. \u0418\u0440\u0438\u043d\u0430 \u043e\u0447\u0435\u043d\u044c \u0441\u0442\u0430\u0440\u0430\u0442\u0435\u043b\u044c\u043d\u0430\u044f, \u043e\u0442\u0432\u0435\u0442\u0441\u0442\u0432\u0435\u043d\u043d\u044b\u0439 \u0440\u0430\u0431\u043e\u0442\u043d\u0438\u043a, \u0432\u0435\u0440\u043d\u044b\u0439 \u0434\u0440\u0443\u0433 \u0438 \u043f\u0440\u043e\u0441\u0442\u043e \u043a\u0440\u0430\u0441\u0438\u0432\u0430\u044f \u0434\u0435\u0432\u0443\u0448\u043a\u0430! \u0412\u0441\u0435\u0433\u0434\u0430 \u0433\u043e\u0442\u043e\u0432\u0430 \u043a \u043f\u0435\u0440\u0435\u043c\u0435\u043d\u0430\u043c \u0438 \u043d\u0435\u043f\u0440\u0435\u0440\u044b\u0432\u043d\u043e\u043c\u0443 \u0440\u0430\u0437\u0432\u0438\u0442\u0438\u044e!<\/p>\n\n\t\t<\/div>\n\t<\/div>\n<\/div><\/div><\/div><\/div><\/div><\/div><\/div><\/div>","protected":false},"excerpt":{"rendered":"SHOWROOM CHI\u0218IN\u0102U Strada Grenoble 255\/2, Botanica Telefon: 022 123 123 ORAR Lu - Vi: 10:00 - 19:00 S\u00e2mb\u0103t\u0103 : 10:00","protected":false},"author":1,"featured_media":0,"parent":0,"menu_order":0,"comment_status":"closed","ping_status":"closed","template":"","meta":[],"_links":{"self":[{"href":"https:\/\/mobelland.md\/ru\/wp-json\/wp\/v2\/pages\/685"}],"collection":[{"href":"https:\/\/mobelland.md\/ru\/wp-json\/wp\/v2\/pages"}],"about":[{"href":"https:\/\/mobelland.md\/ru\/wp-json\/wp\/v2\/types\/page"}],"author":[{"embeddable":true,"href":"https:\/\/mobelland.md\/ru\/wp-json\/wp\/v2\/users\/1"}],"replies":[{"embeddable":true,"href":"https:\/\/mobelland.md\/ru\/wp-json\/wp\/v2\/comments?post=685"}],"version-history":[{"count":22,"href":"https:\/\/mobelland.md\/ru\/wp-json\/wp\/v2\/pages\/685\/revisions"}],"predecessor-version":[{"id":25482,"href":"https:\/\/mobelland.md\/ru\/wp-json\/wp\/v2\/pages\/685\/revisions\/25482"}],"wp:attachment":[{"href":"https:\/\/mobelland.md\/ru\/wp-json\/wp\/v2\/media?parent=685"}],"curies":[{"name":"wp","href":"https:\/\/api.w.org\/{rel}","templated":true}]}}